{"id":34,"date":"2020-07-06T12:03:09","date_gmt":"2020-07-06T10:03:09","guid":{"rendered":"http:\/\/servicepartenaires.fr\/?page_id=34"},"modified":"2024-09-05T12:52:41","modified_gmt":"2024-09-05T10:52:41","slug":"un-formulaire-unique-pour-vos-situations-durgence","status":"publish","type":"page","link":"http:\/\/servicepartenaires.fr\/","title":{"rendered":"UN FORMULAIRE UNIQUE POUR VOS QUESTIONS relatives \u00e0 la r\u00e8glementation sociale."},"content":{"rendered":"\n<p><em>Ce site est exclusivement d\u00e9di\u00e9 aux partenaires privil\u00e9gi\u00e9s de l\u2019Urssaf Midi-Pyr\u00e9n\u00e9es et n\u2019a pas vocation \u00e0 \u00eatre communiqu\u00e9 \u00e0 votre public.<\/em><\/p>\n\n\n\n<p>Dans le cadre des relations partenariales, l\u2019Urssaf Midi-Pyr\u00e9n\u00e9es vous d\u00e9die ce formulaire afin de de vous permettre de nous interroger sur toutes les th\u00e9matiques relatives \u00e0 la r\u00e8glementation sociale.<\/p>\n\n\n\n<p>Avec ce formulaire, vous pouvez nous soumettre les questions d\u2019ordre g\u00e9n\u00e9ral ne n\u00e9cessitant pas la consultation d\u2019un compte cotisant :<\/p>\n\n\n\n<p><strong><a href=\"http:\/\/servicepartenaires.fr\/index.php\/votre-demande\/\">Posez votre question : ici<\/a><\/strong><\/p>\n\n\n\n<p><em><em>En dehors de ces situations et pour toutes questions li\u00e9es \u00e0 une situation particuli\u00e8re, vous devez utiliser le circuit classique pour les demandes en ligne<\/em> sur<a href=\"http:\/\/www.urssaf.fr\/\"><\/a><em><a href=\"http:\/\/www.urssaf.fr\/\">&nbsp;urssaf.fr<\/a>, <a href=\"http:\/\/www.secu-independants.fr\/\">secu-independants.fr<\/a> et <a href=\"http:\/\/www.net-entreprises.fr\/\">net-entreprises.fr<\/a><\/em>.<\/em><\/p>\n\n\n\n<p><\/p>\n","protected":false},"excerpt":{"rendered":"<p>Ce site est exclusivement d\u00e9di\u00e9 aux partenaires privil\u00e9gi\u00e9s de l\u2019Urssaf Midi-Pyr\u00e9n\u00e9es et n\u2019a pas vocation \u00e0 \u00eatre communiqu\u00e9 \u00e0 votre public. Dans le cadre des relations partenariales, l\u2019Urssaf Midi-Pyr\u00e9n\u00e9es vous d\u00e9die ce formulaire afin&#46;&#46;&#46;<\/p>\n","protected":false},"author":1,"featured_media":0,"parent":0,"menu_order":0,"comment_status":"closed","ping_status":"closed","template":"","meta":{"_exactmetrics_skip_tracking":false,"_exactmetrics_sitenote_active":false,"_exactmetrics_sitenote_note":"","_exactmetrics_sitenote_category":0,"footnotes":""},"class_list":["post-34","page","type-page","status-publish","hentry"],"_links":{"self":[{"href":"http:\/\/servicepartenaires.fr\/index.php\/wp-json\/wp\/v2\/pages\/34","targetHints":{"allow":["GET"]}}],"collection":[{"href":"http:\/\/servicepartenaires.fr\/index.php\/wp-json\/wp\/v2\/pages"}],"about":[{"href":"http:\/\/servicepartenaires.fr\/index.php\/wp-json\/wp\/v2\/types\/page"}],"author":[{"embeddable":true,"href":"http:\/\/servicepartenaires.fr\/index.php\/wp-json\/wp\/v2\/users\/1"}],"replies":[{"embeddable":true,"href":"http:\/\/servicepartenaires.fr\/index.php\/wp-json\/wp\/v2\/comments?post=34"}],"version-history":[{"count":13,"href":"http:\/\/servicepartenaires.fr\/index.php\/wp-json\/wp\/v2\/pages\/34\/revisions"}],"predecessor-version":[{"id":130,"href":"http:\/\/servicepartenaires.fr\/index.php\/wp-json\/wp\/v2\/pages\/34\/revisions\/130"}],"wp:attachment":[{"href":"http:\/\/servicepartenaires.fr\/index.php\/wp-json\/wp\/v2\/media?parent=34"}],"curies":[{"name":"wp","href":"https:\/\/api.w.org\/{rel}","templated":true}]}}