{"id":108,"date":"2024-09-03T12:01:25","date_gmt":"2024-09-03T10:01:25","guid":{"rendered":"https:\/\/servicepartenaires.fr\/?page_id=108"},"modified":"2024-09-03T14:49:47","modified_gmt":"2024-09-03T12:49:47","slug":"mentions-legales","status":"publish","type":"page","link":"https:\/\/servicepartenaires.fr\/index.php\/mentions-legales\/","title":{"rendered":"Mentions l\u00e9gales"},"content":{"rendered":"\n<h3 class=\"wp-block-heading\">Editeur :<\/h3>\n\n\n\n<p>L\u2019\u00e9dition du site www.servicepartenaires.fr est assur\u00e9e par l\u2019Urssaf Midi-Pyr\u00e9n\u00e9es, Siret :\u00a053514650000017, dont le si\u00e8ge est domicili\u00e9 166 rue Pierre et Marie Curie \u2013 Lab\u00e8ge \u2013 31 061 TOULOUSE cedex 9\u00a0ci-apr\u00e8s appel\u00e9e \u00ab Urssaf Midi-Pyr\u00e9n\u00e9es \u00bb.<\/p>\n\n\n\n<p>Le directeur de la publication est Jean Dokhelar, directeur de l\u2019Urssaf Midi-Pyr\u00e9n\u00e9es.<\/p>\n\n\n\n<h3 class=\"wp-block-heading\"><\/h3>\n\n\n\n<h3 class=\"wp-block-heading\">H\u00e9bergeur :<\/h3>\n\n\n\n<p>Le site\u00a0<a href=\"http:\/\/www.ti.urssafmipy.fr\/\">www.servicepartenaires.fr<\/a>\u00a0est h\u00e9berg\u00e9 par OVH, 2 rue Kellermann \u2013 59100 Roubaix \u2013 France<\/p>\n\n\n\n<h3 class=\"wp-block-heading\"><\/h3>\n\n\n\n<h3 class=\"wp-block-heading\">Liens :<\/h3>\n\n\n\n<p>L\u2019attention de l\u2019utilisateur est attir\u00e9e sur le fait que le pr\u00e9sent site internet peut contenir des liens le dirigeant vers des sites internet tiers dont l\u2019Urssaf Midi-Pyr\u00e9n\u00e9es n\u2019est pas responsable.<\/p>\n\n\n\n<h3 class=\"wp-block-heading\"><\/h3>\n\n\n\n<h3 class=\"wp-block-heading\">Droit de la propri\u00e9t\u00e9 intellectuelle :<\/h3>\n\n\n\n<p>Toute repr\u00e9sentation, reproduction ou diffusion, int\u00e9grale ou partielle des signes distinctifs des organismes de S\u00e9curit\u00e9 sociale et des services de la branche recouvrement du r\u00e9gime g\u00e9n\u00e9ral de S\u00e9curit\u00e9 sociale, sur quelque support que ce soit, n\u2019est permise que sur autorisation expresse et pr\u00e9alable desdits organismes.<\/p>\n\n\n\n<p>Les marques Urssaf et Acoss sont prot\u00e9g\u00e9es au titre des articles L712-1 et suivants du code de la propri\u00e9t\u00e9 intellectuelle. Toute repr\u00e9sentation, reproduction ou diffusion, int\u00e9grale ou partielle de ces marques, sur quelque support que ce soit, sans l\u2019autorisation expresse et pr\u00e9alable de l\u2019Urssaf Caisse nationale (Acoss) constitue un acte de contrefa\u00e7on, sanctionn\u00e9 en application des articles L716-1 du m\u00eame code.<\/p>\n\n\n\n<p>Par ailleurs, le site www.servicepartenaires.fr contient des contenus sur lesquels des tiers d\u00e9tiennent des droits de propri\u00e9t\u00e9 intellectuelle (dessin, graphisme, marque\u2026) ou un droit \u00e0 l\u2019image (ex : photo, visuel mettant en sc\u00e8ne une personne\u2026). Les internautes ne sont pas autoris\u00e9s \u00e0 r\u00e9utiliser ces contenus en l\u2019absence de l\u2019autorisation pr\u00e9alable et expresse des tiers.<\/p>\n\n\n\n<h3 class=\"wp-block-heading\"><\/h3>\n\n\n\n<h3 class=\"wp-block-heading\">Responsabilit\u00e9 :<\/h3>\n\n\n\n<p>Les informations publi\u00e9es sur le site internet servicepartenaires.fr sont fournies \u00e0 titre indicatif et peuvent \u00eatre modifi\u00e9es \u00e0 tout moment. Elles ne permettent pas de r\u00e9pondre \u00e0 toute situation individuelle.<\/p>\n\n\n\n<p>L\u2019Urssaf Midi-Pyr\u00e9n\u00e9es ne saurait \u00eatre tenue pour responsable vis-\u00e0-vis de l\u2019utilisateur des dommages de toute nature, directs ou indirects, r\u00e9sultant de l\u2019utilisation du site internet www.servicepartenaires.fr, ni de l\u2019impossibilit\u00e9 d\u2019y acc\u00e9der.<\/p>\n\n\n\n<p>L\u2019Urssaf Midi-Pyr\u00e9n\u00e9es ne saurait \u00e9galement \u00eatre tenu pour responsable vis-\u00e0-vis de l\u2019utilisateur des dommages de toute nature, directs ou indirects, r\u00e9sultant de l\u2019utilisation des sites internet vers lesquels le site internet www.servicepartenaires.fr renvoie ni de l\u2019impossibilit\u00e9 d\u2019y acc\u00e9der<\/p>\n","protected":false},"excerpt":{"rendered":"<p>Editeur : L\u2019\u00e9dition du site www.servicepartenaires.fr est assur\u00e9e par l\u2019Urssaf Midi-Pyr\u00e9n\u00e9es, Siret :\u00a053514650000017, dont le si\u00e8ge est domicili\u00e9 166 rue Pierre et Marie Curie \u2013 Lab\u00e8ge \u2013 31 061 TOULOUSE cedex 9\u00a0ci-apr\u00e8s appel\u00e9e \u00ab&#46;&#46;&#46;<\/p>\n","protected":false},"author":1,"featured_media":0,"parent":0,"menu_order":0,"comment_status":"closed","ping_status":"closed","template":"","meta":{"_exactmetrics_skip_tracking":false,"_exactmetrics_sitenote_active":false,"_exactmetrics_sitenote_note":"","_exactmetrics_sitenote_category":0,"footnotes":""},"class_list":["post-108","page","type-page","status-publish","hentry"],"_links":{"self":[{"href":"https:\/\/servicepartenaires.fr\/index.php\/wp-json\/wp\/v2\/pages\/108","targetHints":{"allow":["GET"]}}],"collection":[{"href":"https:\/\/servicepartenaires.fr\/index.php\/wp-json\/wp\/v2\/pages"}],"about":[{"href":"https:\/\/servicepartenaires.fr\/index.php\/wp-json\/wp\/v2\/types\/page"}],"author":[{"embeddable":true,"href":"https:\/\/servicepartenaires.fr\/index.php\/wp-json\/wp\/v2\/users\/1"}],"replies":[{"embeddable":true,"href":"https:\/\/servicepartenaires.fr\/index.php\/wp-json\/wp\/v2\/comments?post=108"}],"version-history":[{"count":2,"href":"https:\/\/servicepartenaires.fr\/index.php\/wp-json\/wp\/v2\/pages\/108\/revisions"}],"predecessor-version":[{"id":111,"href":"https:\/\/servicepartenaires.fr\/index.php\/wp-json\/wp\/v2\/pages\/108\/revisions\/111"}],"wp:attachment":[{"href":"https:\/\/servicepartenaires.fr\/index.php\/wp-json\/wp\/v2\/media?parent=108"}],"curies":[{"name":"wp","href":"https:\/\/api.w.org\/{rel}","templated":true}]}}