{"id":119,"date":"2024-09-05T09:45:16","date_gmt":"2024-09-05T07:45:16","guid":{"rendered":"https:\/\/servicepartenaires.fr\/?page_id=119"},"modified":"2024-09-05T11:00:33","modified_gmt":"2024-09-05T09:00:33","slug":"politique-de-confidentialite-2","status":"publish","type":"page","link":"https:\/\/servicepartenaires.fr\/index.php\/politique-de-confidentialite-2\/","title":{"rendered":"Politique de confidentialit\u00e9"},"content":{"rendered":"\n<p>L&rsquo;Urssaf Midi-Pyr\u00e9n\u00e9es s\u2019engage \u00e0 ce que la collecte et le traitement de vos donn\u00e9es, soient conformes au R\u00e8glement n\u00b02016\/679\/UE sur la protection des donn\u00e9es (RGPD) et \u00e0 la loi n\u00b0&nbsp;78-17&nbsp;du 6&nbsp;janvier 1978&nbsp;modifi\u00e9e relative \u00e0 l&rsquo;informatique, aux fichiers et aux libert\u00e9s.<\/p>\n\n\n\n<p>Chaque formulaire ou t\u00e9l\u00e9service mis en place par l&rsquo;Urssaf Midi-Pyr\u00e9n\u00e9es limite la collecte des donn\u00e9es personnelles au regard de la finalit\u00e9 pour laquelle elles sont trait\u00e9es (minimisation des donn\u00e9es). Cette finalit\u00e9 est syst\u00e9matiquement port\u00e9e \u00e0 la connaissance du D\u00e9l\u00e9gu\u00e9 \u00e0 la protection des donn\u00e9es (DPO).<\/p>\n\n\n\n<p><strong>Pourquoi vos donn\u00e9es sont-elles collect\u00e9es&nbsp;?<\/strong><\/p>\n\n\n\n<p>La fourniture de vos donn\u00e9es \u00e0 caract\u00e8re personnel \u00e0 l&rsquo;Urssaf Midi-Pyr\u00e9n\u00e9es par le biais de formulaires en ligne et\/ou papier est n\u00e9cessaire \u00e0 l\u2019accomplissement de leurs missions de service public de recouvrement des cotisations et contributions sociales notamment.<\/p>\n\n\n\n<p><strong>Qui sont les destinataires de vos donn\u00e9es&nbsp;?<\/strong><\/p>\n\n\n\n<p>Les informations collect\u00e9es sont r\u00e9serv\u00e9es \u00e0 l\u2019usage des professionnels habilit\u00e9s et d\u00e9termin\u00e9s par l&rsquo;Urssaf Midi-Pyr\u00e9n\u00e9es.<\/p>\n\n\n\n<p><strong>Quelle est la dur\u00e9e de conservation de vos donn\u00e9es&nbsp;?<\/strong><\/p>\n\n\n\n<p>L&rsquo;Urssaf Midi-Pyr\u00e9n\u00e9es ne conservent vos donn\u00e9es que pour la dur\u00e9e n\u00e9cessaire aux op\u00e9rations pour lesquelles elles ont \u00e9t\u00e9 collect\u00e9es et ceci dans le respect de la l\u00e9gislation en vigueur.<\/p>\n\n\n\n<p><strong>Comment la s\u00e9curit\u00e9 de vos donn\u00e9es est-elle assur\u00e9e&nbsp;?<\/strong><\/p>\n\n\n\n<p>Vos donn\u00e9es personnelles recueillies dans le cadre des services propos\u00e9s sur par l&rsquo;Urssaf Midi-Pyr\u00e9n\u00e9es sont trait\u00e9es selon des protocoles s\u00e9curis\u00e9s, \u00e0 la fois informatiques et physiques.<\/p>\n\n\n\n<p><strong>Quels sont les droits Informatique et Libert\u00e9s que vous pouvez exercer&nbsp;?<\/strong><\/p>\n\n\n\n<p>Conform\u00e9ment \u00e0 la loi Informatique et Libert\u00e9s et\/ou au RGPD vous disposez&nbsp;:<\/p>\n\n\n\n<ul class=\"wp-block-list\">\n<li>De la possibilit\u00e9 de demander si l&rsquo;Urssaf Midi-Pyr\u00e9n\u00e9es d\u00e9tient des informations sur vous, et demander \u00e0 ce que l&rsquo;Urssaf Midi-Pyr\u00e9n\u00e9es vous communiquent l\u2019int\u00e9gralit\u00e9 de ces donn\u00e9es&nbsp;;<\/li>\n\n\n\n<li>Du droit \u00e0 la limitation du traitement de vos donn\u00e9es \u00e0 caract\u00e8re personnel&nbsp;;<\/li>\n\n\n\n<li>De la possibilit\u00e9 de demander la rectification des informations inexactes vous concernant&nbsp;;<\/li>\n\n\n\n<li>De la possibilit\u00e9 de vous opposer, le cas \u00e9ch\u00e9ant pour des motifs tenant \u00e0 votre situation particuli\u00e8re&nbsp;;&nbsp;<\/li>\n\n\n\n<li>De la possibilit\u00e9 de demander, le cas \u00e9ch\u00e9ant conform\u00e9ment aux dispositions de l\u2019article 17&nbsp;du r\u00e8glement g\u00e9n\u00e9ral sur la protection des donn\u00e9es, que vos donn\u00e9es soient effac\u00e9es&nbsp;;<\/li>\n\n\n\n<li>De la possibilit\u00e9 de d\u00e9finir le sort de vos donn\u00e9es apr\u00e8s votre d\u00e9c\u00e8s.<\/li>\n<\/ul>\n\n\n\n<p>Tous ces droits s\u2019exercent aupr\u00e8s du D\u00e9l\u00e9gu\u00e9 \u00e0 la protection des donn\u00e9es par courrier \u00e9lectronique \u00e0 l\u2019adresse suivante\u00a0:\u00a0<a href=\"mailto:dpo@servicepartenaires.fr\">dpo@servicepartenaires.fr<\/a>\u00a0ou par courrier postal \u00e0 l\u2019adresse suivante\u00a0;<br>166, rue Pierre et Marie Curie, 31670\u00a0Lab\u00e8ge-Innopole\u00a0; en justifiant dans les deux cas de son identit\u00e9 conform\u00e9ment \u00e0 l\u2019article 77\u00a0du d\u00e9cret n\u00b02019-536\u00a0du 29\u00a0mai 2019. Les demandes adress\u00e9es au D\u00e9l\u00e9gu\u00e9 \u00e0 la protection des donn\u00e9es ne concernent que des questions relatives \u00e0 la loi Informatique et Libert\u00e9s et\/ou au RGPD, toute autre demande ne sera pas trait\u00e9e et restera sans r\u00e9ponse.<\/p>\n","protected":false},"excerpt":{"rendered":"<p>L&rsquo;Urssaf Midi-Pyr\u00e9n\u00e9es s\u2019engage \u00e0 ce que la collecte et le traitement de vos donn\u00e9es, soient conformes au R\u00e8glement n\u00b02016\/679\/UE sur la protection des donn\u00e9es (RGPD) et \u00e0 la loi n\u00b0&nbsp;78-17&nbsp;du 6&nbsp;janvier 1978&nbsp;modifi\u00e9e relative \u00e0&#46;&#46;&#46;<\/p>\n","protected":false},"author":1,"featured_media":0,"parent":0,"menu_order":0,"comment_status":"closed","ping_status":"closed","template":"","meta":{"_exactmetrics_skip_tracking":false,"_exactmetrics_sitenote_active":false,"_exactmetrics_sitenote_note":"","_exactmetrics_sitenote_category":0,"footnotes":""},"class_list":["post-119","page","type-page","status-publish","hentry"],"_links":{"self":[{"href":"https:\/\/servicepartenaires.fr\/index.php\/wp-json\/wp\/v2\/pages\/119","targetHints":{"allow":["GET"]}}],"collection":[{"href":"https:\/\/servicepartenaires.fr\/index.php\/wp-json\/wp\/v2\/pages"}],"about":[{"href":"https:\/\/servicepartenaires.fr\/index.php\/wp-json\/wp\/v2\/types\/page"}],"author":[{"embeddable":true,"href":"https:\/\/servicepartenaires.fr\/index.php\/wp-json\/wp\/v2\/users\/1"}],"replies":[{"embeddable":true,"href":"https:\/\/servicepartenaires.fr\/index.php\/wp-json\/wp\/v2\/comments?post=119"}],"version-history":[{"count":5,"href":"https:\/\/servicepartenaires.fr\/index.php\/wp-json\/wp\/v2\/pages\/119\/revisions"}],"predecessor-version":[{"id":129,"href":"https:\/\/servicepartenaires.fr\/index.php\/wp-json\/wp\/v2\/pages\/119\/revisions\/129"}],"wp:attachment":[{"href":"https:\/\/servicepartenaires.fr\/index.php\/wp-json\/wp\/v2\/media?parent=119"}],"curies":[{"name":"wp","href":"https:\/\/api.w.org\/{rel}","templated":true}]}}